{"id":288,"date":"2026-02-02T10:44:28","date_gmt":"2026-02-02T00:44:28","guid":{"rendered":"https:\/\/qld.courtinfo.org.au\/?page_id=288"},"modified":"2026-02-19T15:33:50","modified_gmt":"2026-02-19T05:33:50","slug":"hun-bi-xer-hatin-dadgeha-dadweriye-ya-queenslande-magistrates-court-of-queensland","status":"publish","type":"page","link":"https:\/\/qld.courtinfo.org.au\/ku\/","title":{"rendered":"Hun bi x\u00ear hatin Dadgeha Dadweriy\u00ea ya Queensland\u00ea (Magistrates Court of Queensland)"},"content":{"rendered":"","protected":false},"excerpt":{"rendered":"","protected":false},"author":1,"featured_media":0,"parent":0,"menu_order":0,"comment_status":"closed","ping_status":"closed","template":"page-home.php","meta":{"_acf_changed":false},"class_list":["post-288","page","type-page","status-publish","hentry"],"acf":[],"_links":{"self":[{"href":"https:\/\/qld.courtinfo.org.au\/ku\/wp-json\/wp\/v2\/pages\/288","targetHints":{"allow":["GET"]}}],"collection":[{"href":"https:\/\/qld.courtinfo.org.au\/ku\/wp-json\/wp\/v2\/pages"}],"about":[{"href":"https:\/\/qld.courtinfo.org.au\/ku\/wp-json\/wp\/v2\/types\/page"}],"author":[{"embeddable":true,"href":"https:\/\/qld.courtinfo.org.au\/ku\/wp-json\/wp\/v2\/users\/1"}],"replies":[{"embeddable":true,"href":"https:\/\/qld.courtinfo.org.au\/ku\/wp-json\/wp\/v2\/comments?post=288"}],"version-history":[{"count":2,"href":"https:\/\/qld.courtinfo.org.au\/ku\/wp-json\/wp\/v2\/pages\/288\/revisions"}],"predecessor-version":[{"id":290,"href":"https:\/\/qld.courtinfo.org.au\/ku\/wp-json\/wp\/v2\/pages\/288\/revisions\/290"}],"wp:attachment":[{"href":"https:\/\/qld.courtinfo.org.au\/ku\/wp-json\/wp\/v2\/media?parent=288"}],"curies":[{"name":"wp","href":"https:\/\/api.w.org\/{rel}","templated":true}]}}